{"id":181,"date":"2022-11-15T12:35:39","date_gmt":"2022-11-15T11:35:39","guid":{"rendered":"https:\/\/www.studioviscovo.it\/avvocato\/?page_id=181"},"modified":"2023-01-13T11:38:11","modified_gmt":"2023-01-13T10:38:11","slug":"modello-organizzativo-231","status":"publish","type":"page","link":"https:\/\/www.studioviscovo.it\/avvocato\/modello-organizzativo-231\/","title":{"rendered":"Modello organizzativo 231"},"content":{"rendered":"<p>[et_pb_section fb_built=&#8221;1&#8243; admin_label=&#8221;Page Title Section&#8221; _builder_version=&#8221;4.18.0&#8243; use_background_color_gradient=&#8221;on&#8221; background_color_gradient_stops=&#8221;#313e47 0%|rgba(49,62,71,0.5) 100%&#8221; background_color_gradient_overlays_image=&#8221;on&#8221; background_color_gradient_start=&#8221;#313e47&#8243; background_color_gradient_end=&#8221;rgba(49,62,71,0.5)&#8221; background_image=&#8221;https:\/\/www.studioviscovo.it\/avvocato\/wp-content\/uploads\/2022\/11\/risk-assessment-1.jpg&#8221; custom_padding=&#8221;120px||120px|&#8221; global_colors_info=&#8221;{}&#8221;][et_pb_row admin_label=&#8221;Page Title Area&#8221; _builder_version=&#8221;4.16&#8243; background_size=&#8221;initial&#8221; background_position=&#8221;top_left&#8221; background_repeat=&#8221;repeat&#8221; global_colors_info=&#8221;{}&#8221;][et_pb_column type=&#8221;4_4&#8243; _builder_version=&#8221;4.16&#8243; custom_padding=&#8221;|||&#8221; global_colors_info=&#8221;{}&#8221; custom_padding__hover=&#8221;|||&#8221;][et_pb_text admin_label=&#8221;Page Title&#8221; _builder_version=&#8221;4.18.0&#8243; text_font=&#8221;||||||||&#8221; text_text_color=&#8221;#ffffff&#8221; text_font_size=&#8221;18px&#8221; text_line_height=&#8221;2em&#8221; header_font=&#8221;Prata||||||||&#8221; header_font_size=&#8221;60px&#8221; header_line_height=&#8221;1.6em&#8221; header_3_font=&#8221;||||||||&#8221; header_3_line_height=&#8221;1.8em&#8221; text_orientation=&#8221;center&#8221; background_layout=&#8221;dark&#8221; max_width=&#8221;700px&#8221; module_alignment=&#8221;center&#8221; custom_margin=&#8221;||10px|&#8221; animation_style=&#8221;fade&#8221; header_font_size_tablet=&#8221;40px&#8221; header_font_size_phone=&#8221;&#8221; header_font_size_last_edited=&#8221;on|desktop&#8221; global_colors_info=&#8221;{}&#8221;]<\/p>\n<h1>\u00a0Il Modello Organizzativo 231 <\/h1>\n<p>[\/et_pb_text][\/et_pb_column][\/et_pb_row][\/et_pb_section][et_pb_section fb_built=&#8221;1&#8243; admin_label=&#8221;Quote Section&#8221; _builder_version=&#8221;4.16&#8243; custom_padding=&#8221;110px|0px|110px|0px&#8221; border_color_all=&#8221;rgba(255,186,96,0.6)&#8221; border_width_right=&#8221;8vw&#8221; global_colors_info=&#8221;{}&#8221;][et_pb_row column_structure=&#8221;3_4,1_4&#8243; admin_label=&#8221;Quote Area&#8221; _builder_version=&#8221;4.16&#8243; use_custom_width=&#8221;on&#8221; global_colors_info=&#8221;{}&#8221;][et_pb_column type=&#8221;3_4&#8243; _builder_version=&#8221;4.16&#8243; custom_padding=&#8221;|||&#8221; global_colors_info=&#8221;{}&#8221; custom_padding__hover=&#8221;|||&#8221;][et_pb_text admin_label=&#8221;Author Name&#8221; _builder_version=&#8221;4.19.4&#8243; text_font=&#8221;|600||on|||||&#8221; text_text_color=&#8221;#ffba60&#8243; text_letter_spacing=&#8221;4px&#8221; header_font=&#8221;||||||||&#8221; header_4_font=&#8221;||||||||&#8221; module_alignment=&#8221;center&#8221; animation_style=&#8221;slide&#8221; animation_direction=&#8221;bottom&#8221; animation_intensity_slide=&#8221;10%&#8221; animation_starting_opacity=&#8221;100%&#8221; hover_enabled=&#8221;0&#8243; global_colors_info=&#8221;{}&#8221; sticky_enabled=&#8221;0&#8243;]<\/p>\n<p>&#8211; Societas delinquere <span style=\"text-decoration: line-through;\">non<\/span> potest<\/p>\n<p>[\/et_pb_text][et_pb_text _builder_version=&#8221;4.18.0&#8243; text_font=&#8221;Roboto Slab||||||||&#8221; text_font_size=&#8221;17px&#8221; text_letter_spacing=&#8221;1px&#8221; text_line_height=&#8221;1.8em&#8221; header_font=&#8221;||||||||&#8221; header_3_font=&#8221;||||||||&#8221; header_3_line_height=&#8221;1.6em&#8221; header_4_font=&#8221;||||||||&#8221; custom_margin=&#8221;|||&#8221; custom_padding=&#8221;|||30px&#8221; animation_style=&#8221;flip&#8221; animation_intensity_flip=&#8221;5%&#8221; animation_starting_opacity=&#8221;100%&#8221; border_color_all=&#8221;#313e47&#8243; border_width_left=&#8221;10px&#8221; global_colors_info=&#8221;{}&#8221;]<\/p>\n<p style=\"text-align: justify;\">Il DLgs 231\/2001* disciplina la responsabilit\u00e0 degli enti per gli illeciti amministrativi dipendenti da reato. Il decreto espressamente prevede che l&#8217;ente non sar\u00e0 ritenuto responsabile se, tra le altre cose, avr\u00e0 adottato ed efficacemente attuato, prima della commissione del fatto, modelli di organizzazione e di gestione idonei a prevenire reati della specie di quello verificatosi.<\/p>\n<p>[\/et_pb_text][\/et_pb_column][et_pb_column type=&#8221;1_4&#8243; _builder_version=&#8221;4.16&#8243; custom_padding=&#8221;|||&#8221; global_colors_info=&#8221;{}&#8221; custom_padding__hover=&#8221;|||&#8221;][\/et_pb_column][\/et_pb_row][et_pb_row admin_label=&#8221;Project Image Area&#8221; _builder_version=&#8221;4.16&#8243; custom_padding=&#8221;|||&#8221; global_colors_info=&#8221;{}&#8221;][et_pb_column type=&#8221;4_4&#8243; _builder_version=&#8221;4.16&#8243; custom_padding=&#8221;|||&#8221; global_colors_info=&#8221;{}&#8221; custom_padding__hover=&#8221;|||&#8221;][et_pb_image src=&#8221;https:\/\/www.studioviscovo.it\/avvocato\/wp-content\/uploads\/2022\/11\/risk-management2.jpg&#8221; title_text=&#8221;risk-management2&#8243; show_bottom_space=&#8221;off&#8221; force_fullwidth=&#8221;on&#8221; align_tablet=&#8221;center&#8221; align_phone=&#8221;center&#8221; align_last_edited=&#8221;on|desktop&#8221; _builder_version=&#8221;4.18.0&#8243; custom_margin=&#8221;|||&#8221; custom_padding=&#8221;|||&#8221; animation_style=&#8221;slide&#8221; animation_direction=&#8221;right&#8221; animation_intensity_slide=&#8221;2%&#8221; border_width_all=&#8221;30px&#8221; border_color_all=&#8221;#ffffff&#8221; box_shadow_style=&#8221;preset2&#8243; box_shadow_horizontal=&#8221;0px&#8221; box_shadow_vertical=&#8221;15px&#8221; box_shadow_blur=&#8221;60px&#8221; box_shadow_color=&#8221;rgba(29,61,71,0.2)&#8221; global_colors_info=&#8221;{}&#8221;][\/et_pb_image][\/et_pb_column][\/et_pb_row][\/et_pb_section][et_pb_section fb_built=&#8221;1&#8243; admin_label=&#8221;Project Analysis Section&#8221; _builder_version=&#8221;4.16&#8243; custom_padding=&#8221;90px||90px|&#8221; global_colors_info=&#8221;{}&#8221;][et_pb_row column_structure=&#8221;1_4,3_4&#8243; admin_label=&#8221;Project Analysis Area&#8221; _builder_version=&#8221;4.16&#8243; custom_padding=&#8221;60px|0px|60px|0px&#8221; border_color_all=&#8221;rgba(51,51,51,0.12)&#8221; border_width_top=&#8221;1px&#8221; global_colors_info=&#8221;{}&#8221;][et_pb_column type=&#8221;1_4&#8243; _builder_version=&#8221;4.16&#8243; custom_padding=&#8221;|||&#8221; global_colors_info=&#8221;{}&#8221; custom_padding__hover=&#8221;|||&#8221;][et_pb_text admin_label=&#8221;Title&#8221; _builder_version=&#8221;4.18.0&#8243; text_font=&#8221;||||||||&#8221; header_font=&#8221;||||||||&#8221; header_3_font=&#8221;Roboto Slab||||||||&#8221; header_3_line_height=&#8221;2em&#8221; animation_style=&#8221;fold&#8221; animation_direction=&#8221;left&#8221; animation_intensity_fold=&#8221;5%&#8221; global_colors_info=&#8221;{}&#8221;]<\/p>\n<h3>Adozione del modello<\/h3>\n<p>[\/et_pb_text][\/et_pb_column][et_pb_column type=&#8221;3_4&#8243; _builder_version=&#8221;4.16&#8243; custom_padding=&#8221;|||&#8221; global_colors_info=&#8221;{}&#8221; custom_padding__hover=&#8221;|||&#8221;][et_pb_text _builder_version=&#8221;4.18.0&#8243; text_font=&#8221;||||||||&#8221; text_font_size=&#8221;16px&#8221; text_line_height=&#8221;2em&#8221; animation_style=&#8221;fade&#8221; global_colors_info=&#8221;{}&#8221;]<\/p>\n<p style=\"text-align: justify;\">L\u2019adozione del modello non \u00e8 un adempimento meramente documentale ma l\u2019insieme di azioni poste in essere dall\u2019ente per limitare ovvero escludere il rischio da reato .<br \/>Lo Studio anche attraverso il supporto di <a href=\"http:\/\/www.airesconsulting.it\/\" target=\"_blank\" rel=\"noopener\">consulenti esterni<\/a> assiste l\u2019Ente nelle attivit\u00e0 necessarie per l\u2019adozione del modello, dal risk assessment alla redazione del documento passando, laddove necessario, per l\u2019implementazione delle procedure interne. Una attivit\u00e0 \u201csartoriale\u201d realizzata in piena sinergia tra professionista incaricato e Cliente .<br \/>A ci\u00f2 si aggiunga la possibilit\u00e0 di ricoprire il ruolo di componente dell\u2019Organismo di vigilanza nominato dall\u2019ente una volta adottato il Modello 231. Passaggio imposto dalla normativa vigente affinch\u00e9 il modello possa essere considerato efficace.<\/p>\n<p>[\/et_pb_text][\/et_pb_column][\/et_pb_row][et_pb_row column_structure=&#8221;1_4,3_4&#8243; admin_label=&#8221;Our Process Area&#8221; _builder_version=&#8221;4.16&#8243; custom_padding=&#8221;60px|0px|60px|0px&#8221; border_color_all=&#8221;rgba(51,51,51,0.12)&#8221; border_width_top=&#8221;1px&#8221; global_colors_info=&#8221;{}&#8221;][et_pb_column type=&#8221;1_4&#8243; _builder_version=&#8221;4.16&#8243; custom_padding=&#8221;|||&#8221; global_colors_info=&#8221;{}&#8221; custom_padding__hover=&#8221;|||&#8221;][et_pb_text admin_label=&#8221;Title&#8221; _builder_version=&#8221;4.18.0&#8243; text_font=&#8221;||||||||&#8221; header_font=&#8221;||||||||&#8221; header_3_font=&#8221;Roboto Slab||||||||&#8221; header_3_line_height=&#8221;2em&#8221; animation_style=&#8221;fold&#8221; animation_direction=&#8221;left&#8221; animation_intensity_fold=&#8221;5%&#8221; global_colors_info=&#8221;{}&#8221;]<\/p>\n<h3>Link esterni<\/h3>\n<p>[\/et_pb_text][\/et_pb_column][et_pb_column type=&#8221;3_4&#8243; _builder_version=&#8221;4.16&#8243; custom_padding=&#8221;|||&#8221; global_colors_info=&#8221;{}&#8221; custom_padding__hover=&#8221;|||&#8221;][et_pb_blurb title=&#8221;Parlamento.it&#8221; url=&#8221;https:\/\/www.parlamento.it\/parlam\/leggi\/deleghe\/01231dl.htm&#8221; url_new_window=&#8221;on&#8221; use_icon=&#8221;on&#8221; font_icon=&#8221;&#x57;||divi||400&#8243; icon_color=&#8221;#ffa40d&#8221; icon_placement=&#8221;left&#8221; image_icon_width=&#8221;32px&#8221; content_max_width=&#8221;800px&#8221; _builder_version=&#8221;4.18.0&#8243; header_font=&#8221;||||||||&#8221; header_font_size=&#8221;16px&#8221; header_line_height=&#8221;2em&#8221; body_font=&#8221;||||||||&#8221; custom_margin=&#8221;||0px|&#8221; custom_padding=&#8221;|||&#8221; animation_style=&#8221;fade&#8221; link_option_url=&#8221;https:\/\/www.parlamento.it\/parlam\/leggi\/deleghe\/01231dl.htm &#8221; link_option_url_new_window=&#8221;on&#8221; icon_font_size=&#8221;32px&#8221; global_colors_info=&#8221;{}&#8221;][\/et_pb_blurb][et_pb_blurb title=&#8221;Aires Consulting&#8221; url=&#8221;http:\/\/www.airesconsulting.it\/&#8221; url_new_window=&#8221;on&#8221; use_icon=&#8221;on&#8221; font_icon=&#8221;&#x57;||divi||400&#8243; icon_color=&#8221;#ffa40d&#8221; icon_placement=&#8221;left&#8221; image_icon_width=&#8221;32px&#8221; content_max_width=&#8221;800px&#8221; _builder_version=&#8221;4.18.0&#8243; header_font=&#8221;||||||||&#8221; header_font_size=&#8221;16px&#8221; header_line_height=&#8221;2em&#8221; body_font=&#8221;||||||||&#8221; custom_margin=&#8221;||0px|&#8221; custom_padding=&#8221;|||&#8221; animation_style=&#8221;fade&#8221; link_option_url=&#8221;www.airesconsulting.it\/ &#8221; link_option_url_new_window=&#8221;on&#8221; icon_font_size=&#8221;32px&#8221; global_colors_info=&#8221;{}&#8221;][\/et_pb_blurb][\/et_pb_column][\/et_pb_row][et_pb_row column_structure=&#8221;2_3,1_3&#8243; _builder_version=&#8221;4.18.0&#8243; _module_preset=&#8221;default&#8221; custom_padding=&#8221;0px||||false|false&#8221; global_module=&#8221;193&#8243; global_colors_info=&#8221;{}&#8221;][et_pb_column type=&#8221;2_3&#8243; _builder_version=&#8221;4.18.0&#8243; _module_preset=&#8221;default&#8221; background_color=&#8221;#020f36&#8243; custom_padding=&#8221;100px|60px|100px|60px|true|true&#8221; custom_padding_tablet=&#8221;30px|30px|30px|30px|true|true&#8221; custom_padding_phone=&#8221;50px|20px|50px|20px|true|true&#8221; custom_padding_last_edited=&#8221;on|tablet&#8221; global_colors_info=&#8221;{}&#8221;][et_pb_text _builder_version=&#8221;4.18.0&#8243; _module_preset=&#8221;b6cb9bd8-0fbd-4699-b58d-51b3d480db23&#8243; header_2_font=&#8221;|600|||||||&#8221; header_2_text_color=&#8221;#FFFFFF&#8221; header_2_font_size=&#8221;42px&#8221; header_2_letter_spacing=&#8221;-0.01em&#8221; header_2_line_height=&#8221;1.1em&#8221; custom_margin=&#8221;||0px||false|false&#8221; header_2_font_size_tablet=&#8221;&#8221; header_2_font_size_phone=&#8221;&#8221; header_2_font_size_last_edited=&#8221;on|desktop&#8221; header_2_line_height_tablet=&#8221;1.2em&#8221; header_2_line_height_phone=&#8221;1.4em&#8221; header_2_line_height_last_edited=&#8221;on|desktop&#8221; global_colors_info=&#8221;{}&#8221;]<\/p>\n<h2>Contattaci<\/h2>\n<p>[\/et_pb_text][et_pb_code _builder_version=&#8221;4.18.0&#8243; _module_preset=&#8221;default&#8221; global_colors_info=&#8221;{}&#8221;]\n<div class=\"wpcf7 no-js\" id=\"wpcf7-f82-o1\" lang=\"it-IT\" dir=\"ltr\" data-wpcf7-id=\"82\">\n<div class=\"screen-reader-response\"><p role=\"status\" aria-live=\"polite\" aria-atomic=\"true\"><\/p> <ul><\/ul><\/div>\n<form action=\"\/avvocato\/wp-json\/wp\/v2\/pages\/181#wpcf7-f82-o1\" method=\"post\" class=\"wpcf7-form init cf7skins cf7t-contact cf7s-caspar\" aria-label=\"Modulo di contatto\" novalidate=\"novalidate\" data-status=\"init\">\n<fieldset class=\"hidden-fields-container\"><input type=\"hidden\" name=\"_wpcf7\" value=\"82\" \/><input type=\"hidden\" name=\"_wpcf7_version\" value=\"6.1.5\" \/><input type=\"hidden\" name=\"_wpcf7_locale\" value=\"it_IT\" \/><input type=\"hidden\" name=\"_wpcf7_unit_tag\" value=\"wpcf7-f82-o1\" \/><input type=\"hidden\" name=\"_wpcf7_container_post\" value=\"0\" \/><input type=\"hidden\" name=\"_wpcf7_posted_data_hash\" value=\"\" \/>\n<\/fieldset>\n<fieldset>\n\t<legend><\/legend>\n\t<ol>\n\t\t<li><label for=''>Il tuo nome (obbligatorio) <em class=\"cf7s-reqd\">*<\/em> <\/label><span class=\"wpcf7-form-control-wrap\" data-name=\"text-513\"><input size=\"40\" maxlength=\"400\" class=\"wpcf7-form-control wpcf7-text wpcf7-validates-as-required\" aria-required=\"true\" aria-invalid=\"false\" value=\"\" type=\"text\" name=\"text-513\" \/><\/span><\/li>\n\t\t<li>\n\t\t\tIndirizzo mail (obbligatorio) <span class=\"wpcf7-form-control-wrap\" data-name=\"email-836\"><input size=\"40\" maxlength=\"400\" class=\"wpcf7-form-control wpcf7-email wpcf7-validates-as-required wpcf7-text wpcf7-validates-as-email\" aria-required=\"true\" aria-invalid=\"false\" value=\"\" type=\"email\" name=\"email-836\" \/><\/span>\n\t\t\t<ol>\n\t\t\t\t<li><label for=''>Il tuo messaggio <\/label><span class=\"wpcf7-form-control-wrap\" data-name=\"textarea-549\"><textarea cols=\"40\" rows=\"10\" maxlength=\"2000\" class=\"wpcf7-form-control wpcf7-textarea\" aria-invalid=\"false\" name=\"textarea-549\"><\/textarea><\/span><\/li>\n\t\t\t\t<li>\n\t\t\t\t\t<ol>\n\t\t\t\t\t\t<li><label for=''><\/label><span class=\"wpcf7-form-control-wrap\" data-name=\"acceptance-800\"><span class=\"wpcf7-form-control wpcf7-acceptance\"><span class=\"wpcf7-list-item\"><input type=\"checkbox\" name=\"acceptance-800\" value=\"1\" aria-invalid=\"false\" \/><\/span><\/span><\/span><a title=\"Privacy\" href=\"https:\/\/www.studioviscovo.it\/avvocato\/privacy-policy\/\" target=\"_blank\" rel=\"noopener\">Ho letto e accetto<\/a> le condizioni della privacy<\/li>\n\t\t\t\t\t<\/ol>\n\t\t\t\t<\/li>\n\t\t\t\t<li><label for='\"Invia\"'><\/label><input class=\"wpcf7-form-control wpcf7-submit has-spinner\" type=\"submit\" value=\"Invia\" \/><\/li>\n\t\t\t<\/ol>\n\t\t<\/li>\n\t<\/ol>\n<\/fieldset><div class=\"wpcf7-response-output\" aria-hidden=\"true\"><\/div>\n<\/form>\n<\/div>\n[\/et_pb_code][\/et_pb_column][et_pb_column type=&#8221;1_3&#8243; _builder_version=&#8221;4.18.0&#8243; _module_preset=&#8221;default&#8221; custom_padding=&#8221;203px||||false|false&#8221; custom_padding_tablet=&#8221;10px||||false|false&#8221; custom_padding_phone=&#8221;&#8221; custom_padding_last_edited=&#8221;on|tablet&#8221; global_colors_info=&#8221;{}&#8221;][et_pb_text _builder_version=&#8221;4.18.0&#8243; _module_preset=&#8221;7881ab5e-a97a-4c4b-9080-7f7a75e3a6bb&#8221; header_font=&#8221;||||||||&#8221; header_4_font=&#8221;Mulish|700|||||||&#8221; header_4_text_color=&#8221;#000000&#8243; header_4_line_height=&#8221;1.6em&#8221; custom_margin=&#8221;||10px||false|false&#8221; header_4_font_size_tablet=&#8221;16px&#8221; header_4_font_size_phone=&#8221;14px&#8221; header_4_font_size_last_edited=&#8221;on|tablet&#8221; global_colors_info=&#8221;{}&#8221;]<\/p>\n<h4>Studio Viscovo<\/h4>\n<p>[\/et_pb_text][et_pb_text _builder_version=&#8221;4.18.0&#8243; _module_preset=&#8221;f0cf31b9-b2e7-4752-a57c-6e2f73347b36&#8243; text_font=&#8221;Mulish|500|||||||&#8221; text_text_color=&#8221;#000000&#8243; text_font_size=&#8221;16px&#8221; text_line_height=&#8221;1.8em&#8221; text_font_size_tablet=&#8221;15px&#8221; text_font_size_phone=&#8221;14px&#8221; text_font_size_last_edited=&#8221;on|phone&#8221; header_font_size_tablet=&#8221;55px&#8221; header_font_size_last_edited=&#8221;off|desktop&#8221; global_colors_info=&#8221;{}&#8221;]<\/p>\n<p style=\"text-align: justify;\">Se desideri metterti in contatto con lo Studio Legale Viscovo ti chiediamo di compilare il form o di chiamare ai numeri di telefono indicati.<\/p>\n<p>[\/et_pb_text][\/et_pb_column][\/et_pb_row][\/et_pb_section]<\/p>\n","protected":false},"excerpt":{"rendered":"<p>\u00a0Il Modello Organizzativo 231 &#8211; Societas delinquere non potestIl DLgs 231\/2001* disciplina la responsabilit\u00e0 degli enti per gli illeciti amministrativi dipendenti da reato. Il decreto espressamente prevede che l&#8217;ente non sar\u00e0 ritenuto responsabile se, tra le altre cose, avr\u00e0 adottato ed efficacemente attuato, prima della commissione del fatto, modelli di organizzazione e di gestione idonei [&hellip;]<\/p>\n","protected":false},"author":1,"featured_media":0,"parent":0,"menu_order":0,"comment_status":"closed","ping_status":"closed","template":"","meta":{"_et_pb_use_builder":"on","_et_pb_old_content":"","_et_gb_content_width":"","footnotes":""},"class_list":["post-181","page","type-page","status-publish","hentry"],"yoast_head":"<!-- This site is optimized with the Yoast SEO plugin v26.8 - https:\/\/yoast.com\/product\/yoast-seo-wordpress\/ -->\n<title>Il modello organizzativo 231: societa delinque non potest<\/title>\n<meta name=\"robots\" content=\"index, follow, max-snippet:-1, max-image-preview:large, max-video-preview:-1\" \/>\n<link rel=\"canonical\" href=\"https:\/\/www.studioviscovo.it\/avvocato\/modello-organizzativo-231\/\" \/>\n<meta property=\"og:locale\" content=\"it_IT\" \/>\n<meta property=\"og:type\" content=\"article\" \/>\n<meta property=\"og:title\" content=\"Il modello organizzativo 231: societa delinque non potest\" \/>\n<meta property=\"og:description\" content=\"\u00a0Il Modello Organizzativo 231 - Societas delinquere non potestIl DLgs 231\/2001* disciplina la responsabilit\u00e0 degli enti per gli illeciti amministrativi dipendenti da reato. Il decreto espressamente prevede che l&#039;ente non sar\u00e0 ritenuto responsabile se, tra le altre cose, avr\u00e0 adottato ed efficacemente attuato, prima della commissione del fatto, modelli di organizzazione e di gestione idonei [&hellip;]\" \/>\n<meta property=\"og:url\" content=\"https:\/\/www.studioviscovo.it\/avvocato\/modello-organizzativo-231\/\" \/>\n<meta property=\"og:site_name\" content=\"Studio Viscovo | Napoli - Sassuolo\" \/>\n<meta property=\"article:modified_time\" content=\"2023-01-13T10:38:11+00:00\" \/>\n<meta property=\"og:image\" content=\"https:\/\/www.studioviscovo.it\/avvocato\/wp-content\/uploads\/2023\/01\/viscovo-logo2.png\" \/>\n\t<meta property=\"og:image:width\" content=\"1200\" \/>\n\t<meta property=\"og:image:height\" content=\"630\" \/>\n\t<meta property=\"og:image:type\" content=\"image\/png\" \/>\n<meta name=\"twitter:card\" content=\"summary_large_image\" \/>\n<meta name=\"twitter:label1\" content=\"Tempo di lettura stimato\" \/>\n\t<meta name=\"twitter:data1\" content=\"3 minuti\" \/>\n<script type=\"application\/ld+json\" class=\"yoast-schema-graph\">{\"@context\":\"https:\/\/schema.org\",\"@graph\":[{\"@type\":\"WebPage\",\"@id\":\"https:\/\/www.studioviscovo.it\/avvocato\/modello-organizzativo-231\/\",\"url\":\"https:\/\/www.studioviscovo.it\/avvocato\/modello-organizzativo-231\/\",\"name\":\"Il modello organizzativo 231: societa delinque non potest\",\"isPartOf\":{\"@id\":\"https:\/\/www.studioviscovo.it\/avvocato\/#website\"},\"datePublished\":\"2022-11-15T11:35:39+00:00\",\"dateModified\":\"2023-01-13T10:38:11+00:00\",\"breadcrumb\":{\"@id\":\"https:\/\/www.studioviscovo.it\/avvocato\/modello-organizzativo-231\/#breadcrumb\"},\"inLanguage\":\"it-IT\",\"potentialAction\":[{\"@type\":\"ReadAction\",\"target\":[\"https:\/\/www.studioviscovo.it\/avvocato\/modello-organizzativo-231\/\"]}]},{\"@type\":\"BreadcrumbList\",\"@id\":\"https:\/\/www.studioviscovo.it\/avvocato\/modello-organizzativo-231\/#breadcrumb\",\"itemListElement\":[{\"@type\":\"ListItem\",\"position\":1,\"name\":\"Home\",\"item\":\"https:\/\/www.studioviscovo.it\/avvocato\/\"},{\"@type\":\"ListItem\",\"position\":2,\"name\":\"Modello organizzativo 231\"}]},{\"@type\":\"WebSite\",\"@id\":\"https:\/\/www.studioviscovo.it\/avvocato\/#website\",\"url\":\"https:\/\/www.studioviscovo.it\/avvocato\/\",\"name\":\"Avvocato Raffaele Viscovo\",\"description\":\"Avvocato Raffaele Viscovo\",\"publisher\":{\"@id\":\"https:\/\/www.studioviscovo.it\/avvocato\/#\/schema\/person\/b267a88de640b511ddabf9d1a46b5fba\"},\"potentialAction\":[{\"@type\":\"SearchAction\",\"target\":{\"@type\":\"EntryPoint\",\"urlTemplate\":\"https:\/\/www.studioviscovo.it\/avvocato\/?s={search_term_string}\"},\"query-input\":{\"@type\":\"PropertyValueSpecification\",\"valueRequired\":true,\"valueName\":\"search_term_string\"}}],\"inLanguage\":\"it-IT\"},{\"@type\":[\"Person\",\"Organization\"],\"@id\":\"https:\/\/www.studioviscovo.it\/avvocato\/#\/schema\/person\/b267a88de640b511ddabf9d1a46b5fba\",\"name\":\"wpvisco\",\"image\":{\"@type\":\"ImageObject\",\"inLanguage\":\"it-IT\",\"@id\":\"https:\/\/www.studioviscovo.it\/avvocato\/#\/schema\/person\/image\/\",\"url\":\"https:\/\/www.studioviscovo.it\/avvocato\/wp-content\/uploads\/2022\/10\/favicon.png\",\"contentUrl\":\"https:\/\/www.studioviscovo.it\/avvocato\/wp-content\/uploads\/2022\/10\/favicon.png\",\"width\":512,\"height\":509,\"caption\":\"wpvisco\"},\"logo\":{\"@id\":\"https:\/\/www.studioviscovo.it\/avvocato\/#\/schema\/person\/image\/\"},\"sameAs\":[\"https:\/\/www.studioviscovo.it\/avvocato\"]}]}<\/script>\n<!-- \/ Yoast SEO plugin. -->","yoast_head_json":{"title":"Il modello organizzativo 231: societa delinque non potest","robots":{"index":"index","follow":"follow","max-snippet":"max-snippet:-1","max-image-preview":"max-image-preview:large","max-video-preview":"max-video-preview:-1"},"canonical":"https:\/\/www.studioviscovo.it\/avvocato\/modello-organizzativo-231\/","og_locale":"it_IT","og_type":"article","og_title":"Il modello organizzativo 231: societa delinque non potest","og_description":"\u00a0Il Modello Organizzativo 231 - Societas delinquere non potestIl DLgs 231\/2001* disciplina la responsabilit\u00e0 degli enti per gli illeciti amministrativi dipendenti da reato. Il decreto espressamente prevede che l'ente non sar\u00e0 ritenuto responsabile se, tra le altre cose, avr\u00e0 adottato ed efficacemente attuato, prima della commissione del fatto, modelli di organizzazione e di gestione idonei [&hellip;]","og_url":"https:\/\/www.studioviscovo.it\/avvocato\/modello-organizzativo-231\/","og_site_name":"Studio Viscovo | Napoli - Sassuolo","article_modified_time":"2023-01-13T10:38:11+00:00","og_image":[{"width":1200,"height":630,"url":"https:\/\/www.studioviscovo.it\/avvocato\/wp-content\/uploads\/2023\/01\/viscovo-logo2.png","type":"image\/png"}],"twitter_card":"summary_large_image","twitter_misc":{"Tempo di lettura stimato":"3 minuti"},"schema":{"@context":"https:\/\/schema.org","@graph":[{"@type":"WebPage","@id":"https:\/\/www.studioviscovo.it\/avvocato\/modello-organizzativo-231\/","url":"https:\/\/www.studioviscovo.it\/avvocato\/modello-organizzativo-231\/","name":"Il modello organizzativo 231: societa delinque non potest","isPartOf":{"@id":"https:\/\/www.studioviscovo.it\/avvocato\/#website"},"datePublished":"2022-11-15T11:35:39+00:00","dateModified":"2023-01-13T10:38:11+00:00","breadcrumb":{"@id":"https:\/\/www.studioviscovo.it\/avvocato\/modello-organizzativo-231\/#breadcrumb"},"inLanguage":"it-IT","potentialAction":[{"@type":"ReadAction","target":["https:\/\/www.studioviscovo.it\/avvocato\/modello-organizzativo-231\/"]}]},{"@type":"BreadcrumbList","@id":"https:\/\/www.studioviscovo.it\/avvocato\/modello-organizzativo-231\/#breadcrumb","itemListElement":[{"@type":"ListItem","position":1,"name":"Home","item":"https:\/\/www.studioviscovo.it\/avvocato\/"},{"@type":"ListItem","position":2,"name":"Modello organizzativo 231"}]},{"@type":"WebSite","@id":"https:\/\/www.studioviscovo.it\/avvocato\/#website","url":"https:\/\/www.studioviscovo.it\/avvocato\/","name":"Avvocato Raffaele Viscovo","description":"Avvocato Raffaele Viscovo","publisher":{"@id":"https:\/\/www.studioviscovo.it\/avvocato\/#\/schema\/person\/b267a88de640b511ddabf9d1a46b5fba"},"potentialAction":[{"@type":"SearchAction","target":{"@type":"EntryPoint","urlTemplate":"https:\/\/www.studioviscovo.it\/avvocato\/?s={search_term_string}"},"query-input":{"@type":"PropertyValueSpecification","valueRequired":true,"valueName":"search_term_string"}}],"inLanguage":"it-IT"},{"@type":["Person","Organization"],"@id":"https:\/\/www.studioviscovo.it\/avvocato\/#\/schema\/person\/b267a88de640b511ddabf9d1a46b5fba","name":"wpvisco","image":{"@type":"ImageObject","inLanguage":"it-IT","@id":"https:\/\/www.studioviscovo.it\/avvocato\/#\/schema\/person\/image\/","url":"https:\/\/www.studioviscovo.it\/avvocato\/wp-content\/uploads\/2022\/10\/favicon.png","contentUrl":"https:\/\/www.studioviscovo.it\/avvocato\/wp-content\/uploads\/2022\/10\/favicon.png","width":512,"height":509,"caption":"wpvisco"},"logo":{"@id":"https:\/\/www.studioviscovo.it\/avvocato\/#\/schema\/person\/image\/"},"sameAs":["https:\/\/www.studioviscovo.it\/avvocato"]}]}},"_links":{"self":[{"href":"https:\/\/www.studioviscovo.it\/avvocato\/wp-json\/wp\/v2\/pages\/181","targetHints":{"allow":["GET"]}}],"collection":[{"href":"https:\/\/www.studioviscovo.it\/avvocato\/wp-json\/wp\/v2\/pages"}],"about":[{"href":"https:\/\/www.studioviscovo.it\/avvocato\/wp-json\/wp\/v2\/types\/page"}],"author":[{"embeddable":true,"href":"https:\/\/www.studioviscovo.it\/avvocato\/wp-json\/wp\/v2\/users\/1"}],"replies":[{"embeddable":true,"href":"https:\/\/www.studioviscovo.it\/avvocato\/wp-json\/wp\/v2\/comments?post=181"}],"version-history":[{"count":13,"href":"https:\/\/www.studioviscovo.it\/avvocato\/wp-json\/wp\/v2\/pages\/181\/revisions"}],"predecessor-version":[{"id":326,"href":"https:\/\/www.studioviscovo.it\/avvocato\/wp-json\/wp\/v2\/pages\/181\/revisions\/326"}],"wp:attachment":[{"href":"https:\/\/www.studioviscovo.it\/avvocato\/wp-json\/wp\/v2\/media?parent=181"}],"curies":[{"name":"wp","href":"https:\/\/api.w.org\/{rel}","templated":true}]}}